{"id":2026,"date":"2026-03-06T13:08:15","date_gmt":"2026-03-06T13:08:15","guid":{"rendered":"https:\/\/mandlwand.webfluencer.dev\/yoga\/"},"modified":"2026-04-13T12:58:25","modified_gmt":"2026-04-13T12:58:25","slug":"yoga","status":"publish","type":"page","link":"https:\/\/www.mwlodge.com\/de\/yoga\/","title":{"rendered":"Yoga"},"content":{"rendered":"\t\t<div data-elementor-type=\"wp-page\" data-elementor-id=\"2026\" class=\"elementor elementor-2026 elementor-219\" data-elementor-post-type=\"page\">\n\t\t\t\t<div class=\"elementor-element elementor-element-1af50c5 e-con-full e-flex e-con e-parent\" data-id=\"1af50c5\" data-element_type=\"container\" data-e-type=\"container\">\n\t\t\t\t<div class=\"elementor-element elementor-element-8c7b666 elementor-widget elementor-widget-template\" data-id=\"8c7b666\" data-element_type=\"widget\" data-e-type=\"widget\" data-widget_type=\"template.default\">\n\t\t\t\t<div class=\"elementor-widget-container\">\n\t\t\t\t\t\t\t<div class=\"elementor-template\">\n\t\t\t\t\t<div data-elementor-type=\"container\" data-elementor-id=\"2570\" class=\"elementor elementor-2570 elementor-483 elementor-483\" data-elementor-post-type=\"elementor_library\">\n\t\t\t\t<div class=\"elementor-element elementor-element-6c604f9b e-flex e-con-boxed e-con e-parent\" data-id=\"6c604f9b\" data-element_type=\"container\" data-e-type=\"container\" data-settings=\"{&quot;background_background&quot;:&quot;classic&quot;}\">\n\t\t\t\t\t<div class=\"e-con-inner\">\n\t\t\t\t<div class=\"elementor-element elementor-element-2a15bbf9 elementor-widget elementor-widget-heading\" data-id=\"2a15bbf9\" data-element_type=\"widget\" data-e-type=\"widget\" data-widget_type=\"heading.default\">\n\t\t\t\t<div class=\"elementor-widget-container\">\n\t\t\t\t\t<h1 class=\"elementor-heading-title elementor-size-default\">Yoga<\/h1>\t\t\t\t<\/div>\n\t\t\t\t<\/div>\n\t\t\t\t\t<\/div>\n\t\t\t\t<\/div>\n\t\t\t\t<\/div>\n\t\t\t\t<\/div>\n\t\t\t\t\t\t<\/div>\n\t\t\t\t<\/div>\n\t\t\t\t<\/div>\n\t\t<div class=\"elementor-element elementor-element-8d02d23 e-flex e-con-boxed e-con e-parent\" data-id=\"8d02d23\" data-element_type=\"container\" data-e-type=\"container\" data-settings=\"{&quot;background_background&quot;:&quot;classic&quot;}\">\n\t\t\t\t\t<div class=\"e-con-inner\">\n\t\t<div class=\"elementor-element elementor-element-f16402c e-con-full e-flex e-con e-child\" data-id=\"f16402c\" data-element_type=\"container\" data-e-type=\"container\" data-settings=\"{&quot;background_background&quot;:&quot;classic&quot;}\">\n\t\t\t\t<div class=\"elementor-element elementor-element-7cf76bd elementor-widget elementor-widget-heading\" data-id=\"7cf76bd\" data-element_type=\"widget\" data-e-type=\"widget\" data-widget_type=\"heading.default\">\n\t\t\t\t<div class=\"elementor-widget-container\">\n\t\t\t\t\t<h2 class=\"elementor-heading-title elementor-size-default\">Komm zur Ruhe<\/h2>\t\t\t\t<\/div>\n\t\t\t\t<\/div>\n\t\t\t\t<div class=\"elementor-element elementor-element-ffa93b1 elementor-widget__width-initial elementor-widget elementor-widget-text-editor\" data-id=\"ffa93b1\" data-element_type=\"widget\" data-e-type=\"widget\" data-widget_type=\"text-editor.default\">\n\t\t\t\t<div class=\"elementor-widget-container\">\n\t\t\t\t\t\t\t\t\t<p>Unser Garten ist ein kleines Paradies f\u00fcr sich. Zwischen dem Gr\u00fcn findest du Loungesofas. Lange Esstische. Liegest\u00fchle, die einladen. Und dann ist da diese eine, verborgene Ecke. Eine kleine Insel. Mit unserer Yoga-Plattform darauf. Ein Ort, an dem die Welt kurz stillsteht. Wo du die Berge sp\u00fcrst. Die Stille h\u00f6rst.<\/p>\t\t\t\t\t\t\t\t<\/div>\n\t\t\t\t<\/div>\n\t\t\t\t<\/div>\n\t\t\t\t\t<\/div>\n\t\t\t\t<\/div>\n\t\t<div class=\"elementor-element elementor-element-bbc1bd8 e-flex e-con-boxed e-con e-parent\" data-id=\"bbc1bd8\" data-element_type=\"container\" data-e-type=\"container\">\n\t\t\t\t\t<div class=\"e-con-inner\">\n\t\t<div class=\"elementor-element elementor-element-34d4580 e-con-full e-flex e-con e-child\" data-id=\"34d4580\" data-element_type=\"container\" data-e-type=\"container\">\n\t\t\t\t<div class=\"elementor-element elementor-element-60df6e4 elementor-widget elementor-widget-heading\" data-id=\"60df6e4\" data-element_type=\"widget\" data-e-type=\"widget\" data-widget_type=\"heading.default\">\n\t\t\t\t<div class=\"elementor-widget-container\">\n\t\t\t\t\t<h2 class=\"elementor-heading-title elementor-size-default\">Yoga-Plattform<\/h2>\t\t\t\t<\/div>\n\t\t\t\t<\/div>\n\t\t\t\t<div class=\"elementor-element elementor-element-1d9a282 elementor-widget__width-initial elementor-widget elementor-widget-text-editor\" data-id=\"1d9a282\" data-element_type=\"widget\" data-e-type=\"widget\" data-widget_type=\"text-editor.default\">\n\t\t\t\t<div class=\"elementor-widget-container\">\n\t\t\t\t\t\t\t\t\t<p>Eine kleine Insel mitten im Gr\u00fcnen.<br \/>Ein Ort, an dem alles darf.<br \/>Bewegen. Atmen. Einfach mal nichts.<br \/>Hol dir eine Yogamatte.<br \/>Oder mach eine Runde Pilates.<br \/>Ein kleiner Tanz geht auch.<br \/>Oder einfach entspannen.<br \/>Augen schlie\u00dfen.<br \/>Einatmen. Ausatmen.<br \/>Der Bach rauscht.<br \/>Die B\u00e4ume wiegen sich.<br \/>Die Berge schauen zu.<br \/>Manchmal in Bewegung.<br \/>Manchmal ganz still.<br \/>Genau das, was du brauchst.<\/p>\t\t\t\t\t\t\t\t<\/div>\n\t\t\t\t<\/div>\n\t\t\t\t<\/div>\n\t\t<div class=\"elementor-element elementor-element-77859f7 e-con-full e-grid e-con e-child\" data-id=\"77859f7\" data-element_type=\"container\" data-e-type=\"container\" data-settings=\"{&quot;background_background&quot;:&quot;classic&quot;}\">\n\t\t\t\t<div class=\"elementor-element elementor-element-2b210c5 elementor-widget elementor-widget-image\" data-id=\"2b210c5\" data-element_type=\"widget\" data-e-type=\"widget\" data-widget_type=\"image.default\">\n\t\t\t\t<div class=\"elementor-widget-container\">\n\t\t\t\t\t\t\t\t\t\t\t\t\t\t\t<img fetchpriority=\"high\" decoding=\"async\" width=\"1974\" height=\"1788\" src=\"https:\/\/www.mwlodge.com\/wp-content\/uploads\/2026\/03\/yogo-with-background.webp\" class=\"attachment-full size-full wp-image-2028\" alt=\"\" srcset=\"https:\/\/www.mwlodge.com\/wp-content\/uploads\/2026\/03\/yogo-with-background.webp 1974w, https:\/\/www.mwlodge.com\/wp-content\/uploads\/2026\/03\/yogo-with-background-300x272.webp 300w, https:\/\/www.mwlodge.com\/wp-content\/uploads\/2026\/03\/yogo-with-background-1024x928.webp 1024w, https:\/\/www.mwlodge.com\/wp-content\/uploads\/2026\/03\/yogo-with-background-768x696.webp 768w, https:\/\/www.mwlodge.com\/wp-content\/uploads\/2026\/03\/yogo-with-background-1536x1391.webp 1536w\" sizes=\"(max-width: 1974px) 100vw, 1974px\" \/>\t\t\t\t\t\t\t\t\t\t\t\t\t\t\t<\/div>\n\t\t\t\t<\/div>\n\t\t\t\t<\/div>\n\t\t\t\t\t<\/div>\n\t\t\t\t<\/div>\n\t\t<div class=\"elementor-element elementor-element-2ce2faf e-con-full e-flex e-con e-child\" data-id=\"2ce2faf\" data-element_type=\"container\" data-e-type=\"container\">\n\t\t\t\t<div class=\"elementor-element elementor-element-6e68585 image-slider elementor-arrows-position-inside elementor-widget elementor-widget-image-carousel\" data-id=\"6e68585\" data-element_type=\"widget\" data-e-type=\"widget\" data-settings=\"{&quot;slides_to_show&quot;:&quot;1&quot;,&quot;navigation&quot;:&quot;arrows&quot;,&quot;autoplay&quot;:&quot;yes&quot;,&quot;pause_on_hover&quot;:&quot;yes&quot;,&quot;pause_on_interaction&quot;:&quot;yes&quot;,&quot;autoplay_speed&quot;:5000,&quot;infinite&quot;:&quot;yes&quot;,&quot;effect&quot;:&quot;slide&quot;,&quot;speed&quot;:500}\" data-widget_type=\"image-carousel.default\">\n\t\t\t\t<div class=\"elementor-widget-container\">\n\t\t\t\t\t\t\t<div class=\"elementor-image-carousel-wrapper swiper\" role=\"region\" aria-roledescription=\"carousel\" aria-label=\"Image Carousel\" dir=\"ltr\">\n\t\t\t<div class=\"elementor-image-carousel swiper-wrapper swiper-image-stretch\" aria-live=\"off\">\n\t\t\t\t\t\t\t\t<div class=\"swiper-slide\" role=\"group\" aria-roledescription=\"slide\" aria-label=\"1 von 4\"><a data-elementor-open-lightbox=\"yes\" data-elementor-lightbox-slideshow=\"6e68585\" data-elementor-lightbox-title=\"Yoga slider (1)\" data-e-action-hash=\"#elementor-action%3Aaction%3Dlightbox%26settings%3DeyJpZCI6Mjc5MCwidXJsIjoiaHR0cHM6XC9cL3d3dy5td2xvZGdlLmNvbVwvd3AtY29udGVudFwvdXBsb2Fkc1wvMjAyNlwvMDRcL1lvZ2Etc2xpZGVyLTEud2VicCIsInNsaWRlc2hvdyI6IjZlNjg1ODUifQ%3D%3D\" href=\"https:\/\/www.mwlodge.com\/wp-content\/uploads\/2026\/04\/Yoga-slider-1.webp\"><figure class=\"swiper-slide-inner\"><img decoding=\"async\" class=\"swiper-slide-image\" src=\"https:\/\/www.mwlodge.com\/wp-content\/uploads\/2026\/04\/Yoga-slider-1.webp\" alt=\"Yoga slider (1)\" \/><\/figure><\/a><\/div><div class=\"swiper-slide\" role=\"group\" aria-roledescription=\"slide\" aria-label=\"2 von 4\"><a data-elementor-open-lightbox=\"yes\" data-elementor-lightbox-slideshow=\"6e68585\" data-elementor-lightbox-title=\"Yoga slider\" data-e-action-hash=\"#elementor-action%3Aaction%3Dlightbox%26settings%3DeyJpZCI6MjAzNSwidXJsIjoiaHR0cHM6XC9cL3d3dy5td2xvZGdlLmNvbVwvd3AtY29udGVudFwvdXBsb2Fkc1wvMjAyNlwvMDRcL1lvZ2Etc2xpZGVyLndlYnAiLCJzbGlkZXNob3ciOiI2ZTY4NTg1In0%3D\" href=\"https:\/\/www.mwlodge.com\/wp-content\/uploads\/2026\/04\/Yoga-slider.webp\"><figure class=\"swiper-slide-inner\"><img decoding=\"async\" class=\"swiper-slide-image\" src=\"https:\/\/www.mwlodge.com\/wp-content\/uploads\/2026\/04\/Yoga-slider.webp\" alt=\"Yoga slider\" \/><\/figure><\/a><\/div><div class=\"swiper-slide\" role=\"group\" aria-roledescription=\"slide\" aria-label=\"3 von 4\"><a data-elementor-open-lightbox=\"yes\" data-elementor-lightbox-slideshow=\"6e68585\" data-elementor-lightbox-title=\"Opnieuw invoegen Yoga slider (op andere staat watermerk).jpg\" data-e-action-hash=\"#elementor-action%3Aaction%3Dlightbox%26settings%3DeyJpZCI6Mjc4NSwidXJsIjoiaHR0cHM6XC9cL3d3dy5td2xvZGdlLmNvbVwvd3AtY29udGVudFwvdXBsb2Fkc1wvMjAyNlwvMDRcL09wbmlldXctaW52b2VnZW4tWW9nYS1zbGlkZXItb3AtYW5kZXJlLXN0YWF0LXdhdGVybWVyay5qcGcuYXZpZiIsInNsaWRlc2hvdyI6IjZlNjg1ODUifQ%3D%3D\" href=\"https:\/\/www.mwlodge.com\/wp-content\/uploads\/2026\/04\/Opnieuw-invoegen-Yoga-slider-op-andere-staat-watermerk.jpg.avif\"><figure class=\"swiper-slide-inner\"><img decoding=\"async\" class=\"swiper-slide-image\" src=\"https:\/\/www.mwlodge.com\/wp-content\/uploads\/2026\/04\/Opnieuw-invoegen-Yoga-slider-op-andere-staat-watermerk.jpg.avif\" alt=\"Opnieuw invoegen Yoga slider (op andere staat watermerk).jpg\" \/><\/figure><\/a><\/div><div class=\"swiper-slide\" role=\"group\" aria-roledescription=\"slide\" aria-label=\"4 von 4\"><a data-elementor-open-lightbox=\"yes\" data-elementor-lightbox-slideshow=\"6e68585\" data-elementor-lightbox-title=\"Yoga slider\" data-e-action-hash=\"#elementor-action%3Aaction%3Dlightbox%26settings%3DeyJpZCI6MjAzNCwidXJsIjoiaHR0cHM6XC9cL3d3dy5td2xvZGdlLmNvbVwvd3AtY29udGVudFwvdXBsb2Fkc1wvMjAyNlwvMDRcL1lvZ2Etc2xpZGVyLS53ZWJwIiwic2xpZGVzaG93IjoiNmU2ODU4NSJ9\" href=\"https:\/\/www.mwlodge.com\/wp-content\/uploads\/2026\/04\/Yoga-slider-.webp\"><figure class=\"swiper-slide-inner\"><img decoding=\"async\" class=\"swiper-slide-image\" src=\"https:\/\/www.mwlodge.com\/wp-content\/uploads\/2026\/04\/Yoga-slider-.webp\" alt=\"Yoga slider\" \/><\/figure><\/a><\/div>\t\t\t<\/div>\n\t\t\t\t\t\t\t\t\t\t\t\t<div class=\"elementor-swiper-button elementor-swiper-button-prev\" role=\"button\" tabindex=\"0\">\n\t\t\t\t\t\t<svg aria-hidden=\"true\" class=\"e-font-icon-svg e-eicon-chevron-left\" viewBox=\"0 0 1000 1000\" xmlns=\"http:\/\/www.w3.org\/2000\/svg\"><path d=\"M646 125C629 125 613 133 604 142L308 442C296 454 292 471 292 487 292 504 296 521 308 533L604 854C617 867 629 875 646 875 663 875 679 871 692 858 704 846 713 829 713 812 713 796 708 779 692 767L438 487 692 225C700 217 708 204 708 187 708 171 704 154 692 142 675 129 663 125 646 125Z\"><\/path><\/svg>\t\t\t\t\t<\/div>\n\t\t\t\t\t<div class=\"elementor-swiper-button elementor-swiper-button-next\" role=\"button\" tabindex=\"0\">\n\t\t\t\t\t\t<svg aria-hidden=\"true\" class=\"e-font-icon-svg e-eicon-chevron-right\" viewBox=\"0 0 1000 1000\" xmlns=\"http:\/\/www.w3.org\/2000\/svg\"><path d=\"M696 533C708 521 713 504 713 487 713 471 708 454 696 446L400 146C388 133 375 125 354 125 338 125 325 129 313 142 300 154 292 171 292 187 292 204 296 221 308 233L563 492 304 771C292 783 288 800 288 817 288 833 296 850 308 863 321 871 338 875 354 875 371 875 388 867 400 854L696 533Z\"><\/path><\/svg>\t\t\t\t\t<\/div>\n\t\t\t\t\n\t\t\t\t\t\t\t\t\t<\/div>\n\t\t\t\t\t\t<\/div>\n\t\t\t\t<\/div>\n\t\t\t\t<\/div>\n\t\t<div class=\"elementor-element elementor-element-fc539f7 e-flex e-con-boxed e-con e-parent\" data-id=\"fc539f7\" data-element_type=\"container\" data-e-type=\"container\">\n\t\t\t\t\t<div class=\"e-con-inner\">\n\t\t<div class=\"elementor-element elementor-element-f64f7c1 e-con-full e-grid e-con e-child\" data-id=\"f64f7c1\" data-element_type=\"container\" data-e-type=\"container\" data-settings=\"{&quot;background_background&quot;:&quot;classic&quot;}\">\n\t\t\t\t<div class=\"elementor-element elementor-element-7ed2754 elementor-widget elementor-widget-image\" data-id=\"7ed2754\" data-element_type=\"widget\" data-e-type=\"widget\" data-widget_type=\"image.default\">\n\t\t\t\t<div class=\"elementor-widget-container\">\n\t\t\t\t\t\t\t\t\t\t\t\t\t\t\t<img decoding=\"async\" width=\"800\" height=\"800\" src=\"https:\/\/www.mwlodge.com\/wp-content\/uploads\/2026\/03\/Yoga-foto-3-scaled-e1772802328763-1024x1024.webp\" class=\"attachment-large size-large wp-image-2029\" alt=\"\" srcset=\"https:\/\/www.mwlodge.com\/wp-content\/uploads\/2026\/03\/Yoga-foto-3-scaled-e1772802328763-1024x1024.webp 1024w, https:\/\/www.mwlodge.com\/wp-content\/uploads\/2026\/03\/Yoga-foto-3-scaled-e1772802328763-300x300.webp 300w, https:\/\/www.mwlodge.com\/wp-content\/uploads\/2026\/03\/Yoga-foto-3-scaled-e1772802328763-150x150.webp 150w, https:\/\/www.mwlodge.com\/wp-content\/uploads\/2026\/03\/Yoga-foto-3-scaled-e1772802328763-768x768.webp 768w, https:\/\/www.mwlodge.com\/wp-content\/uploads\/2026\/03\/Yoga-foto-3-scaled-e1772802328763-1536x1536.webp 1536w, https:\/\/www.mwlodge.com\/wp-content\/uploads\/2026\/03\/Yoga-foto-3-scaled-e1772802328763.webp 1920w\" sizes=\"(max-width: 800px) 100vw, 800px\" \/>\t\t\t\t\t\t\t\t\t\t\t\t\t\t\t<\/div>\n\t\t\t\t<\/div>\n\t\t\t\t<\/div>\n\t\t<div class=\"elementor-element elementor-element-8fdbfd0 e-con-full e-flex e-con e-child\" data-id=\"8fdbfd0\" data-element_type=\"container\" data-e-type=\"container\">\n\t\t\t\t<div class=\"elementor-element elementor-element-d727847 elementor-widget elementor-widget-heading\" data-id=\"d727847\" data-element_type=\"widget\" data-e-type=\"widget\" data-widget_type=\"heading.default\">\n\t\t\t\t<div class=\"elementor-widget-container\">\n\t\t\t\t\t<h2 class=\"elementor-heading-title elementor-size-default\">Matte dazu<\/h2>\t\t\t\t<\/div>\n\t\t\t\t<\/div>\n\t\t\t\t<div class=\"elementor-element elementor-element-e3297a2 elementor-widget__width-initial elementor-widget elementor-widget-text-editor\" data-id=\"e3297a2\" data-element_type=\"widget\" data-e-type=\"widget\" data-widget_type=\"text-editor.default\">\n\t\t\t\t<div class=\"elementor-widget-container\">\n\t\t\t\t\t\t\t\t\t<p>Deine Yogamatte steht bereit,<br \/>bei der Sauna. Nimm sie dir gern.<br \/>Ein Block dazu? Ist auch da.<br \/>Alles, was du brauchst.<br \/>Und danach? Vielleicht in den Bach.<br \/>Nur die F\u00fc\u00dfe, geht auch.<br \/>Immer flie\u00dfend, immer erfrischend.<br \/>Bewegung, Abk\u00fchlung, Energie \u2026<br \/>aber psst, alles darf, nichts muss.<\/p>\t\t\t\t\t\t\t\t<\/div>\n\t\t\t\t<\/div>\n\t\t\t\t<\/div>\n\t\t\t\t\t<\/div>\n\t\t\t\t<\/div>\n\t\t<div class=\"elementor-element elementor-element-4c11912 e-flex e-con-boxed e-con e-parent\" data-id=\"4c11912\" data-element_type=\"container\" data-e-type=\"container\" data-settings=\"{&quot;background_background&quot;:&quot;classic&quot;}\">\n\t\t\t\t\t<div class=\"e-con-inner\">\n\t\t\t\t<div class=\"elementor-element elementor-element-e9c9e12 elementor-widget elementor-widget-heading\" data-id=\"e9c9e12\" data-element_type=\"widget\" data-e-type=\"widget\" data-widget_type=\"heading.default\">\n\t\t\t\t<div class=\"elementor-widget-container\">\n\t\t\t\t\t<h2 class=\"elementor-heading-title elementor-size-default\">Cold outside, stronger inside<\/h2>\t\t\t\t<\/div>\n\t\t\t\t<\/div>\n\t\t\t\t\t<\/div>\n\t\t\t\t<\/div>\n\t\t\t\t<\/div>\n\t\t","protected":false},"excerpt":{"rendered":"<p>Komm zur Ruhe Unser Garten ist ein kleines Paradies f\u00fcr sich. Zwischen dem Gr\u00fcn findest du Loungesofas. Lange Esstische. Liegest\u00fchle, die einladen. Und dann ist da diese eine, verborgene Ecke. Eine kleine Insel. Mit unserer Yoga-Plattform darauf. Ein Ort, an dem die Welt kurz stillsteht. Wo du die Berge sp\u00fcrst. Die Stille h\u00f6rst. Yoga-Plattform Eine [&hellip;]<\/p>\n","protected":false},"author":5,"featured_media":2031,"parent":0,"menu_order":0,"comment_status":"closed","ping_status":"closed","template":"","meta":{"footnotes":""},"class_list":["post-2026","page","type-page","status-publish","has-post-thumbnail","hentry"],"_links":{"self":[{"href":"https:\/\/www.mwlodge.com\/de\/wp-json\/wp\/v2\/pages\/2026","targetHints":{"allow":["GET"]}}],"collection":[{"href":"https:\/\/www.mwlodge.com\/de\/wp-json\/wp\/v2\/pages"}],"about":[{"href":"https:\/\/www.mwlodge.com\/de\/wp-json\/wp\/v2\/types\/page"}],"author":[{"embeddable":true,"href":"https:\/\/www.mwlodge.com\/de\/wp-json\/wp\/v2\/users\/5"}],"replies":[{"embeddable":true,"href":"https:\/\/www.mwlodge.com\/de\/wp-json\/wp\/v2\/comments?post=2026"}],"version-history":[{"count":7,"href":"https:\/\/www.mwlodge.com\/de\/wp-json\/wp\/v2\/pages\/2026\/revisions"}],"predecessor-version":[{"id":2794,"href":"https:\/\/www.mwlodge.com\/de\/wp-json\/wp\/v2\/pages\/2026\/revisions\/2794"}],"wp:featuredmedia":[{"embeddable":true,"href":"https:\/\/www.mwlodge.com\/de\/wp-json\/wp\/v2\/media\/2031"}],"wp:attachment":[{"href":"https:\/\/www.mwlodge.com\/de\/wp-json\/wp\/v2\/media?parent=2026"}],"curies":[{"name":"wp","href":"https:\/\/api.w.org\/{rel}","templated":true}]}}