{"id":2057,"date":"2026-03-06T12:09:16","date_gmt":"2026-03-06T12:09:16","guid":{"rendered":"https:\/\/mandlwand.webfluencer.dev\/die-lodge\/"},"modified":"2026-04-27T20:36:23","modified_gmt":"2026-04-27T20:36:23","slug":"die-lodge","status":"publish","type":"page","link":"https:\/\/www.mwlodge.com\/de\/die-lodge\/","title":{"rendered":"Die Lodge"},"content":{"rendered":"\t\t<div data-elementor-type=\"wp-page\" data-elementor-id=\"2057\" class=\"elementor elementor-2057 elementor-185\" data-elementor-post-type=\"page\">\n\t\t\t\t<div class=\"elementor-element elementor-element-4d56304 e-flex e-con-boxed e-con e-parent\" data-id=\"4d56304\" data-element_type=\"container\" data-e-type=\"container\" data-settings=\"{&quot;background_background&quot;:&quot;classic&quot;}\">\n\t\t\t\t\t<div class=\"e-con-inner\">\n\t\t\t\t<div class=\"elementor-element elementor-element-6588af2 elementor-widget elementor-widget-heading\" data-id=\"6588af2\" data-element_type=\"widget\" data-e-type=\"widget\" data-widget_type=\"heading.default\">\n\t\t\t\t<div class=\"elementor-widget-container\">\n\t\t\t\t\t<h1 class=\"elementor-heading-title elementor-size-default\">Die Lodge<\/h1>\t\t\t\t<\/div>\n\t\t\t\t<\/div>\n\t\t\t\t\t<\/div>\n\t\t\t\t<\/div>\n\t\t<div class=\"elementor-element elementor-element-fcffefe e-flex e-con-boxed e-con e-parent\" data-id=\"fcffefe\" data-element_type=\"container\" data-e-type=\"container\">\n\t\t\t\t\t<div class=\"e-con-inner\">\n\t\t\t\t<div class=\"elementor-element elementor-element-e452f6a elementor-widget elementor-widget-heading\" data-id=\"e452f6a\" data-element_type=\"widget\" data-e-type=\"widget\" data-widget_type=\"heading.default\">\n\t\t\t\t<div class=\"elementor-widget-container\">\n\t\t\t\t\t<span class=\"elementor-heading-title elementor-size-default\">Erfrischend anders auf 1.350 Metern<\/span>\t\t\t\t<\/div>\n\t\t\t\t<\/div>\n\t\t\t\t<div class=\"elementor-element elementor-element-0e4e62e elementor-widget elementor-widget-heading\" data-id=\"0e4e62e\" data-element_type=\"widget\" data-e-type=\"widget\" data-widget_type=\"heading.default\">\n\t\t\t\t<div class=\"elementor-widget-container\">\n\t\t\t\t\t<h2 class=\"elementor-heading-title elementor-size-default\">Aufwachen am Hochk\u00f6nig<\/h2>\t\t\t\t<\/div>\n\t\t\t\t<\/div>\n\t\t\t\t<div class=\"elementor-element elementor-element-4c935f0 elementor-widget__width-initial elementor-widget elementor-widget-text-editor\" data-id=\"4c935f0\" data-element_type=\"widget\" data-e-type=\"widget\" data-widget_type=\"text-editor.default\">\n\t\t\t\t<div class=\"elementor-widget-container\">\n\t\t\t\t\t\t\t\t\t<p>Berge rundherum, ein Ausblick, der verzaubert.<br \/>Neun luxuri\u00f6se Apartments in der Lodge.<br \/>Hier pl\u00e4tschert der Bergbach durch den Garten.<br \/>Der Wellnessbereich l\u00e4dt zum Entspannen ein.<br \/>Oder die Panorama Wellness Suite, etwas weiter entfernt, ruhig und privat.<br \/>Hier erwartet dich deine eigene Infrarotkabine.<br \/>Bei uns kommst du an. Einatmen. L\u00e4cheln. Alles passt.<\/p>\t\t\t\t\t\t\t\t<\/div>\n\t\t\t\t<\/div>\n\t\t<div class=\"elementor-element elementor-element-fa51c5c e-con-full e-flex e-con e-child\" data-id=\"fa51c5c\" data-element_type=\"container\" data-e-type=\"container\">\n\t\t<div class=\"elementor-element elementor-element-23dd789 e-con-full e-flex e-con e-child\" data-id=\"23dd789\" data-element_type=\"container\" data-e-type=\"container\">\n\t\t\t\t<div class=\"elementor-element elementor-element-30feb76 elementor-widget elementor-widget-heading\" data-id=\"30feb76\" data-element_type=\"widget\" data-e-type=\"widget\" data-widget_type=\"heading.default\">\n\t\t\t\t<div class=\"elementor-widget-container\">\n\t\t\t\t\t<h4 class=\"elementor-heading-title elementor-size-default\">1 Lodge<\/h4>\t\t\t\t<\/div>\n\t\t\t\t<\/div>\n\t\t\t\t<\/div>\n\t\t<div class=\"elementor-element elementor-element-c89888e e-con-full e-flex e-con e-child\" data-id=\"c89888e\" data-element_type=\"container\" data-e-type=\"container\">\n\t\t\t\t<div class=\"elementor-element elementor-element-6893ed1 elementor-widget elementor-widget-heading\" data-id=\"6893ed1\" data-element_type=\"widget\" data-e-type=\"widget\" data-widget_type=\"heading.default\">\n\t\t\t\t<div class=\"elementor-widget-container\">\n\t\t\t\t\t<h4 class=\"elementor-heading-title elementor-size-default\">10 Apartments<\/h4>\t\t\t\t<\/div>\n\t\t\t\t<\/div>\n\t\t\t\t<\/div>\n\t\t<div class=\"elementor-element elementor-element-83ee0c3 e-con-full e-flex e-con e-child\" data-id=\"83ee0c3\" data-element_type=\"container\" data-e-type=\"container\">\n\t\t\t\t<div class=\"elementor-element elementor-element-126bed4 elementor-widget elementor-widget-heading\" data-id=\"126bed4\" data-element_type=\"widget\" data-e-type=\"widget\" data-widget_type=\"heading.default\">\n\t\t\t\t<div class=\"elementor-widget-container\">\n\t\t\t\t\t<h4 class=\"elementor-heading-title elementor-size-default\">100% Bergluft<\/h4>\t\t\t\t<\/div>\n\t\t\t\t<\/div>\n\t\t\t\t<\/div>\n\t\t\t\t<\/div>\n\t\t\t\t<div class=\"elementor-element elementor-element-79342b2 black-border-button elementor-widget elementor-widget-button\" data-id=\"79342b2\" data-element_type=\"widget\" data-e-type=\"widget\" data-widget_type=\"button.default\">\n\t\t\t\t<div class=\"elementor-widget-container\">\n\t\t\t\t\t\t\t\t\t<div class=\"elementor-button-wrapper\">\n\t\t\t\t\t<a class=\"elementor-button elementor-button-link elementor-size-sm\" href=\"https:\/\/www.mwlodge.com\/de\/die-apartments\/\">\n\t\t\t\t\t\t<span class=\"elementor-button-content-wrapper\">\n\t\t\t\t\t\t\t\t\t<span class=\"elementor-button-text\">Apartments ansehen<\/span>\n\t\t\t\t\t<\/span>\n\t\t\t\t\t<\/a>\n\t\t\t\t<\/div>\n\t\t\t\t\t\t\t\t<\/div>\n\t\t\t\t<\/div>\n\t\t\t\t\t<\/div>\n\t\t\t\t<\/div>\n\t\t<div class=\"elementor-element elementor-element-3c7ddd2e e-flex e-con-boxed e-con e-child\" data-id=\"3c7ddd2e\" data-element_type=\"container\" data-e-type=\"container\" data-settings=\"{&quot;background_background&quot;:&quot;classic&quot;}\">\n\t\t\t\t\t<div class=\"e-con-inner\">\n\t\t\t\t\t<\/div>\n\t\t\t\t<\/div>\n\t\t<div class=\"elementor-element elementor-element-f8e7bcd e-flex e-con-boxed e-con e-parent\" data-id=\"f8e7bcd\" data-element_type=\"container\" data-e-type=\"container\">\n\t\t\t\t\t<div class=\"e-con-inner\">\n\t\t<div class=\"elementor-element elementor-element-53c01a8 e-con-full e-flex e-con e-child\" data-id=\"53c01a8\" data-element_type=\"container\" data-e-type=\"container\">\n\t\t\t\t<div class=\"elementor-element elementor-element-aa70009 elementor-widget elementor-widget-heading\" data-id=\"aa70009\" data-element_type=\"widget\" data-e-type=\"widget\" data-widget_type=\"heading.default\">\n\t\t\t\t<div class=\"elementor-widget-container\">\n\t\t\t\t\t<span class=\"elementor-heading-title elementor-size-default\">Erfrischend anders auf 1.350 Metern<\/span>\t\t\t\t<\/div>\n\t\t\t\t<\/div>\n\t\t\t\t<div class=\"elementor-element elementor-element-cde1b6e elementor-widget elementor-widget-heading\" data-id=\"cde1b6e\" data-element_type=\"widget\" data-e-type=\"widget\" data-widget_type=\"heading.default\">\n\t\t\t\t<div class=\"elementor-widget-container\">\n\t\t\t\t\t<h2 class=\"elementor-heading-title elementor-size-default\">Reines Alpengl\u00fcck auf 1.350 Metern.<\/h2>\t\t\t\t<\/div>\n\t\t\t\t<\/div>\n\t\t\t\t<div class=\"elementor-element elementor-element-c089153 elementor-widget__width-initial elementor-widget elementor-widget-text-editor\" data-id=\"c089153\" data-element_type=\"widget\" data-e-type=\"widget\" data-widget_type=\"text-editor.default\">\n\t\t\t\t<div class=\"elementor-widget-container\">\n\t\t\t\t\t\t\t\t\t<p>Im Sommer starten die Wanderwege direkt vor der Haust\u00fcr. Das Skigebiet Hochkeil ist direkt erreichbar. Das Dorf M\u00fchlbach liegt 6,3 Kilometer entfernt, und die Gondel zum Hochk\u00f6nig-Skigebiet wartet dort ebenfalls auf dich.<\/p><p>Jede Woche z\u00fcnden wir das Feuer an. Ein Getr\u00e4nk dazu. Sch\u00f6ne Geschichten und Abenteuer. Genau so, wie du es dir w\u00fcnschst. Mit der kostenlosen Hochk\u00f6nig-Card wird der Sommer noch sch\u00f6ner: Kostenlose Bergbahnen und \u00f6ffentlicher Nahverkehr. Aber auch Sommerrodeln, gef\u00fchrte Wanderungen mit grandiosem Ausblick und mehr.<\/p><p>Mehr erfahren? Schau auf www.hochkoenig.at.<br \/>Parken? Kein Problem, kostenlos und direkt bei uns.<br \/>Entspannen? Ebenfalls m\u00f6glich.<br \/>Hunde m\u00fcssen leider zu Hause bleiben, so sehr wir sie auch lieben.<\/p>\t\t\t\t\t\t\t\t<\/div>\n\t\t\t\t<\/div>\n\t\t\t\t<\/div>\n\t\t<div class=\"elementor-element elementor-element-eafeaa7 e-con-full e-grid e-con e-child\" data-id=\"eafeaa7\" data-element_type=\"container\" data-e-type=\"container\" data-settings=\"{&quot;background_background&quot;:&quot;classic&quot;}\">\n\t\t\t\t<div class=\"elementor-element elementor-element-8a7d169 elementor-widget elementor-widget-image\" data-id=\"8a7d169\" data-element_type=\"widget\" data-e-type=\"widget\" data-widget_type=\"image.default\">\n\t\t\t\t<div class=\"elementor-widget-container\">\n\t\t\t\t\t\t\t\t\t\t\t\t\t\t\t<img fetchpriority=\"high\" decoding=\"async\" width=\"939\" height=\"1788\" src=\"https:\/\/www.mwlodge.com\/wp-content\/uploads\/2026\/03\/skyliner.webp\" class=\"attachment-full size-full wp-image-2064\" alt=\"\" srcset=\"https:\/\/www.mwlodge.com\/wp-content\/uploads\/2026\/03\/skyliner.webp 939w, https:\/\/www.mwlodge.com\/wp-content\/uploads\/2026\/03\/skyliner-158x300.webp 158w, https:\/\/www.mwlodge.com\/wp-content\/uploads\/2026\/03\/skyliner-538x1024.webp 538w, https:\/\/www.mwlodge.com\/wp-content\/uploads\/2026\/03\/skyliner-768x1462.webp 768w, https:\/\/www.mwlodge.com\/wp-content\/uploads\/2026\/03\/skyliner-807x1536.webp 807w\" sizes=\"(max-width: 939px) 100vw, 939px\" \/>\t\t\t\t\t\t\t\t\t\t\t\t\t\t\t<\/div>\n\t\t\t\t<\/div>\n\t\t\t\t<div class=\"elementor-element elementor-element-5934d7c elementor-widget elementor-widget-image\" data-id=\"5934d7c\" data-element_type=\"widget\" data-e-type=\"widget\" data-widget_type=\"image.default\">\n\t\t\t\t<div class=\"elementor-widget-container\">\n\t\t\t\t\t\t\t\t\t\t\t\t\t\t\t<img decoding=\"async\" width=\"939\" height=\"1788\" src=\"https:\/\/www.mwlodge.com\/wp-content\/uploads\/2026\/03\/skier.webp\" class=\"attachment-full size-full wp-image-2063\" alt=\"\" srcset=\"https:\/\/www.mwlodge.com\/wp-content\/uploads\/2026\/03\/skier.webp 939w, https:\/\/www.mwlodge.com\/wp-content\/uploads\/2026\/03\/skier-158x300.webp 158w, https:\/\/www.mwlodge.com\/wp-content\/uploads\/2026\/03\/skier-538x1024.webp 538w, https:\/\/www.mwlodge.com\/wp-content\/uploads\/2026\/03\/skier-768x1462.webp 768w, https:\/\/www.mwlodge.com\/wp-content\/uploads\/2026\/03\/skier-807x1536.webp 807w\" sizes=\"(max-width: 939px) 100vw, 939px\" \/>\t\t\t\t\t\t\t\t\t\t\t\t\t\t\t<\/div>\n\t\t\t\t<\/div>\n\t\t\t\t<\/div>\n\t\t\t\t\t<\/div>\n\t\t\t\t<\/div>\n\t\t<div class=\"elementor-element elementor-element-bb3fc79 e-con-full e-flex e-con e-child\" data-id=\"bb3fc79\" data-element_type=\"container\" data-e-type=\"container\">\n\t\t\t\t<div class=\"elementor-element elementor-element-235c510 image-slider elementor-arrows-position-inside elementor-widget elementor-widget-image-carousel\" data-id=\"235c510\" data-element_type=\"widget\" data-e-type=\"widget\" data-settings=\"{&quot;slides_to_show&quot;:&quot;1&quot;,&quot;navigation&quot;:&quot;arrows&quot;,&quot;autoplay&quot;:&quot;yes&quot;,&quot;pause_on_hover&quot;:&quot;yes&quot;,&quot;pause_on_interaction&quot;:&quot;yes&quot;,&quot;autoplay_speed&quot;:5000,&quot;infinite&quot;:&quot;yes&quot;,&quot;effect&quot;:&quot;slide&quot;,&quot;speed&quot;:500}\" data-widget_type=\"image-carousel.default\">\n\t\t\t\t<div class=\"elementor-widget-container\">\n\t\t\t\t\t\t\t<div class=\"elementor-image-carousel-wrapper swiper\" role=\"region\" aria-roledescription=\"carousel\" aria-label=\"Image Carousel\" dir=\"ltr\">\n\t\t\t<div class=\"elementor-image-carousel swiper-wrapper swiper-image-stretch\" aria-live=\"off\">\n\t\t\t\t\t\t\t\t<div class=\"swiper-slide\" role=\"group\" aria-roledescription=\"slide\" aria-label=\"1 von 3\"><a data-elementor-open-lightbox=\"yes\" data-elementor-lightbox-slideshow=\"235c510\" data-elementor-lightbox-title=\"de-lodge\" data-e-action-hash=\"#elementor-action%3Aaction%3Dlightbox%26settings%3DeyJpZCI6MjA1OCwidXJsIjoiaHR0cHM6XC9cL3d3dy5td2xvZGdlLmNvbVwvd3AtY29udGVudFwvdXBsb2Fkc1wvMjAyNlwvMDNcL2RlLWxvZGdlLnBuZyIsInNsaWRlc2hvdyI6IjIzNWM1MTAifQ%3D%3D\" href=\"https:\/\/www.mwlodge.com\/wp-content\/uploads\/2026\/03\/de-lodge.png\"><figure class=\"swiper-slide-inner\"><img decoding=\"async\" class=\"swiper-slide-image\" src=\"https:\/\/www.mwlodge.com\/wp-content\/uploads\/2026\/03\/de-lodge.png\" alt=\"de-lodge\" \/><\/figure><\/a><\/div><div class=\"swiper-slide\" role=\"group\" aria-roledescription=\"slide\" aria-label=\"2 von 3\"><a data-elementor-open-lightbox=\"yes\" data-elementor-lightbox-slideshow=\"235c510\" data-elementor-lightbox-title=\"de-lodge-exterior\" data-e-action-hash=\"#elementor-action%3Aaction%3Dlightbox%26settings%3DeyJpZCI6MjA2OCwidXJsIjoiaHR0cHM6XC9cL3d3dy5td2xvZGdlLmNvbVwvd3AtY29udGVudFwvdXBsb2Fkc1wvMjAyNlwvMDNcL2RlLWxvZGdlLWV4dGVyaW9yLXNjYWxlZC53ZWJwIiwic2xpZGVzaG93IjoiMjM1YzUxMCJ9\" href=\"https:\/\/www.mwlodge.com\/wp-content\/uploads\/2026\/03\/de-lodge-exterior-scaled.webp\"><figure class=\"swiper-slide-inner\"><img decoding=\"async\" class=\"swiper-slide-image\" src=\"https:\/\/www.mwlodge.com\/wp-content\/uploads\/2026\/03\/de-lodge-exterior-scaled.webp\" alt=\"de-lodge-exterior\" \/><\/figure><\/a><\/div><div class=\"swiper-slide\" role=\"group\" aria-roledescription=\"slide\" aria-label=\"3 von 3\"><a data-elementor-open-lightbox=\"yes\" data-elementor-lightbox-slideshow=\"235c510\" data-elementor-lightbox-title=\"ligging-view-with-sunrise\" data-e-action-hash=\"#elementor-action%3Aaction%3Dlightbox%26settings%3DeyJpZCI6MjA3OSwidXJsIjoiaHR0cHM6XC9cL3d3dy5td2xvZGdlLmNvbVwvd3AtY29udGVudFwvdXBsb2Fkc1wvMjAyNlwvMDNcL2xpZ2dpbmctdmlldy13aXRoLXN1bnJpc2Uud2VicCIsInNsaWRlc2hvdyI6IjIzNWM1MTAifQ%3D%3D\" href=\"https:\/\/www.mwlodge.com\/wp-content\/uploads\/2026\/03\/ligging-view-with-sunrise.webp\"><figure class=\"swiper-slide-inner\"><img decoding=\"async\" class=\"swiper-slide-image\" src=\"https:\/\/www.mwlodge.com\/wp-content\/uploads\/2026\/03\/ligging-view-with-sunrise.webp\" alt=\"ligging-view-with-sunrise\" \/><\/figure><\/a><\/div>\t\t\t<\/div>\n\t\t\t\t\t\t\t\t\t\t\t\t<div class=\"elementor-swiper-button elementor-swiper-button-prev\" role=\"button\" tabindex=\"0\">\n\t\t\t\t\t\t<svg aria-hidden=\"true\" class=\"e-font-icon-svg e-eicon-chevron-left\" viewBox=\"0 0 1000 1000\" xmlns=\"http:\/\/www.w3.org\/2000\/svg\"><path d=\"M646 125C629 125 613 133 604 142L308 442C296 454 292 471 292 487 292 504 296 521 308 533L604 854C617 867 629 875 646 875 663 875 679 871 692 858 704 846 713 829 713 812 713 796 708 779 692 767L438 487 692 225C700 217 708 204 708 187 708 171 704 154 692 142 675 129 663 125 646 125Z\"><\/path><\/svg>\t\t\t\t\t<\/div>\n\t\t\t\t\t<div class=\"elementor-swiper-button elementor-swiper-button-next\" role=\"button\" tabindex=\"0\">\n\t\t\t\t\t\t<svg aria-hidden=\"true\" class=\"e-font-icon-svg e-eicon-chevron-right\" viewBox=\"0 0 1000 1000\" xmlns=\"http:\/\/www.w3.org\/2000\/svg\"><path d=\"M696 533C708 521 713 504 713 487 713 471 708 454 696 446L400 146C388 133 375 125 354 125 338 125 325 129 313 142 300 154 292 171 292 187 292 204 296 221 308 233L563 492 304 771C292 783 288 800 288 817 288 833 296 850 308 863 321 871 338 875 354 875 371 875 388 867 400 854L696 533Z\"><\/path><\/svg>\t\t\t\t\t<\/div>\n\t\t\t\t\n\t\t\t\t\t\t\t\t\t<\/div>\n\t\t\t\t\t\t<\/div>\n\t\t\t\t<\/div>\n\t\t\t\t<\/div>\n\t\t<div class=\"elementor-element elementor-element-ccd2e97 e-flex e-con-boxed e-con e-parent\" data-id=\"ccd2e97\" data-element_type=\"container\" data-e-type=\"container\">\n\t\t\t\t\t<div class=\"e-con-inner\">\n\t\t<div class=\"elementor-element elementor-element-bf7050f e-con-full e-grid e-con e-child\" data-id=\"bf7050f\" data-element_type=\"container\" data-e-type=\"container\" data-settings=\"{&quot;background_background&quot;:&quot;classic&quot;}\">\n\t\t\t\t<div class=\"elementor-element elementor-element-6232d8b elementor-widget elementor-widget-image\" data-id=\"6232d8b\" data-element_type=\"widget\" data-e-type=\"widget\" data-widget_type=\"image.default\">\n\t\t\t\t<div class=\"elementor-widget-container\">\n\t\t\t\t\t\t\t\t\t\t\t\t\t\t\t<img decoding=\"async\" width=\"626\" height=\"1192\" src=\"https:\/\/www.mwlodge.com\/wp-content\/uploads\/2026\/03\/de-lodge-view.webp\" class=\"attachment-full size-full wp-image-2067\" alt=\"\" srcset=\"https:\/\/www.mwlodge.com\/wp-content\/uploads\/2026\/03\/de-lodge-view.webp 626w, https:\/\/www.mwlodge.com\/wp-content\/uploads\/2026\/03\/de-lodge-view-158x300.webp 158w, https:\/\/www.mwlodge.com\/wp-content\/uploads\/2026\/03\/de-lodge-view-538x1024.webp 538w\" sizes=\"(max-width: 626px) 100vw, 626px\" \/>\t\t\t\t\t\t\t\t\t\t\t\t\t\t\t<\/div>\n\t\t\t\t<\/div>\n\t\t\t\t<div class=\"elementor-element elementor-element-361c30d elementor-widget elementor-widget-image\" data-id=\"361c30d\" data-element_type=\"widget\" data-e-type=\"widget\" data-widget_type=\"image.default\">\n\t\t\t\t<div class=\"elementor-widget-container\">\n\t\t\t\t\t\t\t\t\t\t\t\t\t\t\t<img loading=\"lazy\" decoding=\"async\" width=\"626\" height=\"1192\" src=\"https:\/\/www.mwlodge.com\/wp-content\/uploads\/2026\/03\/de-lodge-room.webp\" class=\"attachment-full size-full wp-image-2066\" alt=\"\" srcset=\"https:\/\/www.mwlodge.com\/wp-content\/uploads\/2026\/03\/de-lodge-room.webp 626w, https:\/\/www.mwlodge.com\/wp-content\/uploads\/2026\/03\/de-lodge-room-158x300.webp 158w, https:\/\/www.mwlodge.com\/wp-content\/uploads\/2026\/03\/de-lodge-room-538x1024.webp 538w\" sizes=\"(max-width: 626px) 100vw, 626px\" \/>\t\t\t\t\t\t\t\t\t\t\t\t\t\t\t<\/div>\n\t\t\t\t<\/div>\n\t\t\t\t<\/div>\n\t\t<div class=\"elementor-element elementor-element-40b47ca e-con-full e-flex e-con e-child\" data-id=\"40b47ca\" data-element_type=\"container\" data-e-type=\"container\">\n\t\t\t\t<div class=\"elementor-element elementor-element-9fa1d0a elementor-widget elementor-widget-heading\" data-id=\"9fa1d0a\" data-element_type=\"widget\" data-e-type=\"widget\" data-widget_type=\"heading.default\">\n\t\t\t\t<div class=\"elementor-widget-container\">\n\t\t\t\t\t<span class=\"elementor-heading-title elementor-size-default\">Erfrischend anders<\/span>\t\t\t\t<\/div>\n\t\t\t\t<\/div>\n\t\t\t\t<div class=\"elementor-element elementor-element-2b25636 elementor-widget elementor-widget-heading\" data-id=\"2b25636\" data-element_type=\"widget\" data-e-type=\"widget\" data-widget_type=\"heading.default\">\n\t\t\t\t<div class=\"elementor-widget-container\">\n\t\t\t\t\t<h2 class=\"elementor-heading-title elementor-size-default\">Panorama zum Tr\u00e4umen<\/h2>\t\t\t\t<\/div>\n\t\t\t\t<\/div>\n\t\t\t\t<div class=\"elementor-element elementor-element-7d6b99e elementor-widget__width-initial elementor-widget elementor-widget-text-editor\" data-id=\"7d6b99e\" data-element_type=\"widget\" data-e-type=\"widget\" data-widget_type=\"text-editor.default\">\n\t\t\t\t<div class=\"elementor-widget-container\">\n\t\t\t\t\t\t\t\t\t<p>Unser zehntes Apartment ist etwas Besonderes.<br \/>Die Panorama Wellness Suite, 1 km von der Lodge.<br \/>Ruhe. Raum. Ein Ausblick, der dich nicht losl\u00e4sst.<br \/>Zwei Schlafzimmer. Bose-Soundsystem. Infrarotkabine.<br \/>Offene K\u00fcche. Lounge-Sofa. Balkon zum Tr\u00e4umen.<br \/>Den ganzen Tag Sonne, Bergluft, Stille.<br \/>Hier kommst du an\u2026 und willst eigentlich nie mehr weg.<\/p>\t\t\t\t\t\t\t\t<\/div>\n\t\t\t\t<\/div>\n\t\t\t\t<\/div>\n\t\t\t\t\t<\/div>\n\t\t\t\t<\/div>\n\t\t<div class=\"elementor-element elementor-element-1437a4f e-flex e-con-boxed e-con e-parent\" data-id=\"1437a4f\" data-element_type=\"container\" data-e-type=\"container\" data-settings=\"{&quot;background_background&quot;:&quot;classic&quot;}\">\n\t\t\t\t\t<div class=\"e-con-inner\">\n\t\t\t\t<div class=\"elementor-element elementor-element-5517585 elementor-widget elementor-widget-heading\" data-id=\"5517585\" data-element_type=\"widget\" data-e-type=\"widget\" data-widget_type=\"heading.default\">\n\t\t\t\t<div class=\"elementor-widget-container\">\n\t\t\t\t\t<h2 class=\"elementor-heading-title elementor-size-default\">Time flies but memories last forever<\/h2>\t\t\t\t<\/div>\n\t\t\t\t<\/div>\n\t\t\t\t\t<\/div>\n\t\t\t\t<\/div>\n\t\t\t\t<\/div>\n\t\t","protected":false},"excerpt":{"rendered":"<p>Die Lodge Erfrischend anders auf 1.350 Metern Aufwachen am Hochk\u00f6nig Berge rundherum, ein Ausblick, der verzaubert.Neun luxuri\u00f6se Apartments in der Lodge.Hier pl\u00e4tschert der Bergbach durch den Garten.Der Wellnessbereich l\u00e4dt zum Entspannen ein.Oder die Panorama Wellness Suite, etwas weiter entfernt, ruhig und privat.Hier erwartet dich deine eigene Infrarotkabine.Bei uns kommst du an. Einatmen. L\u00e4cheln. Alles passt. [&hellip;]<\/p>\n","protected":false},"author":5,"featured_media":2078,"parent":0,"menu_order":0,"comment_status":"closed","ping_status":"closed","template":"","meta":{"footnotes":""},"class_list":["post-2057","page","type-page","status-publish","has-post-thumbnail","hentry"],"_links":{"self":[{"href":"https:\/\/www.mwlodge.com\/de\/wp-json\/wp\/v2\/pages\/2057","targetHints":{"allow":["GET"]}}],"collection":[{"href":"https:\/\/www.mwlodge.com\/de\/wp-json\/wp\/v2\/pages"}],"about":[{"href":"https:\/\/www.mwlodge.com\/de\/wp-json\/wp\/v2\/types\/page"}],"author":[{"embeddable":true,"href":"https:\/\/www.mwlodge.com\/de\/wp-json\/wp\/v2\/users\/5"}],"replies":[{"embeddable":true,"href":"https:\/\/www.mwlodge.com\/de\/wp-json\/wp\/v2\/comments?post=2057"}],"version-history":[{"count":11,"href":"https:\/\/www.mwlodge.com\/de\/wp-json\/wp\/v2\/pages\/2057\/revisions"}],"predecessor-version":[{"id":3020,"href":"https:\/\/www.mwlodge.com\/de\/wp-json\/wp\/v2\/pages\/2057\/revisions\/3020"}],"wp:featuredmedia":[{"embeddable":true,"href":"https:\/\/www.mwlodge.com\/de\/wp-json\/wp\/v2\/media\/2078"}],"wp:attachment":[{"href":"https:\/\/www.mwlodge.com\/de\/wp-json\/wp\/v2\/media?parent=2057"}],"curies":[{"name":"wp","href":"https:\/\/api.w.org\/{rel}","templated":true}]}}