{"id":2514,"date":"2026-03-06T14:16:05","date_gmt":"2026-03-06T14:16:05","guid":{"rendered":"https:\/\/mandlwand.webfluencer.dev\/anreise\/"},"modified":"2026-04-13T12:58:26","modified_gmt":"2026-04-13T12:58:26","slug":"anreise","status":"publish","type":"page","link":"https:\/\/www.mwlodge.com\/de\/anreise\/","title":{"rendered":"Anreise"},"content":{"rendered":"\t\t<div data-elementor-type=\"wp-page\" data-elementor-id=\"2514\" class=\"elementor elementor-2514 elementor-279\" data-elementor-post-type=\"page\">\n\t\t\t\t<div class=\"elementor-element elementor-element-f597513 e-con-full e-flex e-con e-parent\" data-id=\"f597513\" data-element_type=\"container\" data-e-type=\"container\">\n\t\t\t\t<div class=\"elementor-element elementor-element-8cf4685 elementor-widget elementor-widget-template\" data-id=\"8cf4685\" data-element_type=\"widget\" data-e-type=\"widget\" data-widget_type=\"template.default\">\n\t\t\t\t<div class=\"elementor-widget-container\">\n\t\t\t\t\t\t\t<div class=\"elementor-template\">\n\t\t\t\t\t<div data-elementor-type=\"container\" data-elementor-id=\"2570\" class=\"elementor elementor-2570 elementor-483 elementor-483\" data-elementor-post-type=\"elementor_library\">\n\t\t\t\t<div class=\"elementor-element elementor-element-6c604f9b e-flex e-con-boxed e-con e-parent\" data-id=\"6c604f9b\" data-element_type=\"container\" data-e-type=\"container\" data-settings=\"{&quot;background_background&quot;:&quot;classic&quot;}\">\n\t\t\t\t\t<div class=\"e-con-inner\">\n\t\t\t\t<div class=\"elementor-element elementor-element-2a15bbf9 elementor-widget elementor-widget-heading\" data-id=\"2a15bbf9\" data-element_type=\"widget\" data-e-type=\"widget\" data-widget_type=\"heading.default\">\n\t\t\t\t<div class=\"elementor-widget-container\">\n\t\t\t\t\t<h1 class=\"elementor-heading-title elementor-size-default\">Anreise<\/h1>\t\t\t\t<\/div>\n\t\t\t\t<\/div>\n\t\t\t\t\t<\/div>\n\t\t\t\t<\/div>\n\t\t\t\t<\/div>\n\t\t\t\t<\/div>\n\t\t\t\t\t\t<\/div>\n\t\t\t\t<\/div>\n\t\t\t\t<\/div>\n\t\t<div class=\"elementor-element elementor-element-5ce16cd e-flex e-con-boxed e-con e-parent\" data-id=\"5ce16cd\" data-element_type=\"container\" data-e-type=\"container\" data-settings=\"{&quot;background_background&quot;:&quot;classic&quot;}\">\n\t\t\t\t\t<div class=\"e-con-inner\">\n\t\t<div class=\"elementor-element elementor-element-b3e8a67 e-con-full e-flex e-con e-child\" data-id=\"b3e8a67\" data-element_type=\"container\" data-e-type=\"container\" data-settings=\"{&quot;background_background&quot;:&quot;classic&quot;}\">\n\t\t\t\t<div class=\"elementor-element elementor-element-884771e elementor-widget elementor-widget-heading\" data-id=\"884771e\" data-element_type=\"widget\" data-e-type=\"widget\" data-widget_type=\"heading.default\">\n\t\t\t\t<div class=\"elementor-widget-container\">\n\t\t\t\t\t<h2 class=\"elementor-heading-title elementor-size-default\">Hier sind wir<\/h2>\t\t\t\t<\/div>\n\t\t\t\t<\/div>\n\t\t\t\t<div class=\"elementor-element elementor-element-e50529f elementor-widget__width-initial elementor-widget elementor-widget-text-editor\" data-id=\"e50529f\" data-element_type=\"widget\" data-e-type=\"widget\" data-widget_type=\"text-editor.default\">\n\t\t\t\t<div class=\"elementor-widget-container\">\n\t\t\t\t\t\t\t\t\t<p>Zwischen wei\u00dfen Gipfeln und gr\u00fcnen Sommerwiesen. Am Fu\u00dfe des Hochk\u00f6nigs (2.942 m).<br \/>M\u00fchlbach \u2013 klein, ruhig, authentisch. Wanderwege direkt vor der Haust\u00fcr. Skilifte um die Ecke. Ein Ort zum Ankommen. Zum Bleiben. Zum Zur\u00fcckkehren.<\/p>\t\t\t\t\t\t\t\t<\/div>\n\t\t\t\t<\/div>\n\t\t\t\t<\/div>\n\t\t\t\t\t<\/div>\n\t\t\t\t<\/div>\n\t\t<div class=\"elementor-element elementor-element-06fc567 e-flex e-con-boxed e-con e-parent\" data-id=\"06fc567\" data-element_type=\"container\" data-e-type=\"container\">\n\t\t\t\t\t<div class=\"e-con-inner\">\n\t\t\t\t<div class=\"elementor-element elementor-element-f82b4d7 elementor-widget elementor-widget-google_maps\" data-id=\"f82b4d7\" data-element_type=\"widget\" data-e-type=\"widget\" data-widget_type=\"google_maps.default\">\n\t\t\t\t<div class=\"elementor-widget-container\">\n\t\t\t\t\t\t\t<div class=\"elementor-custom-embed\">\n\t\t\t<iframe loading=\"lazy\"\n\t\t\t\t\tsrc=\"https:\/\/maps.google.com\/maps?q=Mandlwandstrasse%20102%E2%80%A8%205505%20M%C3%BChlbach%20am%20Hochk%C3%B6nig%E2%80%A8%20Oostenrijk&#038;t=m&#038;z=16&#038;output=embed&#038;iwloc=near\"\n\t\t\t\t\ttitle=\"Mandlwandstrasse 102\u2028 5505 M\u00fchlbach am Hochk\u00f6nig\u2028 Oostenrijk\"\n\t\t\t\t\taria-label=\"Mandlwandstrasse 102\u2028 5505 M\u00fchlbach am Hochk\u00f6nig\u2028 Oostenrijk\"\n\t\t\t><\/iframe>\n\t\t<\/div>\n\t\t\t\t\t\t<\/div>\n\t\t\t\t<\/div>\n\t\t\t\t\t<\/div>\n\t\t\t\t<\/div>\n\t\t<div class=\"elementor-element elementor-element-6edaa3f e-flex e-con-boxed e-con e-parent\" data-id=\"6edaa3f\" data-element_type=\"container\" data-e-type=\"container\">\n\t\t\t\t\t<div class=\"e-con-inner\">\n\t\t<div class=\"elementor-element elementor-element-bb48c8c e-con-full e-flex e-con e-child\" data-id=\"bb48c8c\" data-element_type=\"container\" data-e-type=\"container\">\n\t\t\t\t<div class=\"elementor-element elementor-element-56b6cb7 elementor-widget elementor-widget-heading\" data-id=\"56b6cb7\" data-element_type=\"widget\" data-e-type=\"widget\" data-widget_type=\"heading.default\">\n\t\t\t\t<div class=\"elementor-widget-container\">\n\t\t\t\t\t<h2 class=\"elementor-heading-title elementor-size-default\">Mit dem Auto<\/h2>\t\t\t\t<\/div>\n\t\t\t\t<\/div>\n\t\t\t\t<div class=\"elementor-element elementor-element-4cbea05 elementor-widget__width-initial elementor-widget elementor-widget-text-editor\" data-id=\"4cbea05\" data-element_type=\"widget\" data-e-type=\"widget\" data-widget_type=\"text-editor.default\">\n\t\t\t\t<div class=\"elementor-widget-container\">\n\t\t\t\t\t\t\t\t\t<p>Fahrend aus dem Norden.<br \/>M\u00fcnchen. Salzburg. A10 Richtung Villach.<br \/>Ausfahrt 47. Auf die B311.<br \/>Nach ca. 4 km auf die B159 bei Bischofshofen.<br \/>Den Bergen entgegen.<br \/>Noch 9 km und einige Kurven weiter: M\u00fchlbach.<br \/>Aber pssst\u2026 kurz vor dem Ort. Rechts abbiegen. Mandlwandstra\u00dfe entlang.<br \/>Dem Schild Arthurhaus folgen. Die Stra\u00dfe windet sich nach oben.<br \/>6,3 km durch den Wald. Kurz nach dem Saukarlift. Eine gro\u00dfe Rechtskurve.<br \/>Da liegt sie. Die MandlWand Lodge. Auf deiner linken Seite.<br \/>Du bist da. Der Urlaub kann beginnen.<br \/>Bei Schnee? Ketten anlegen. Allradantrieb? Geht auch.<\/p>\t\t\t\t\t\t\t\t<\/div>\n\t\t\t\t<\/div>\n\t\t\t\t<\/div>\n\t\t<div class=\"elementor-element elementor-element-f89917f e-con-full e-grid e-con e-child\" data-id=\"f89917f\" data-element_type=\"container\" data-e-type=\"container\" data-settings=\"{&quot;background_background&quot;:&quot;classic&quot;}\">\n\t\t\t\t<div class=\"elementor-element elementor-element-06f8cba elementor-widget elementor-widget-image\" data-id=\"06f8cba\" data-element_type=\"widget\" data-e-type=\"widget\" data-widget_type=\"image.default\">\n\t\t\t\t<div class=\"elementor-widget-container\">\n\t\t\t\t\t\t\t\t\t\t\t\t\t\t\t<img fetchpriority=\"high\" decoding=\"async\" width=\"800\" height=\"627\" src=\"https:\/\/www.mwlodge.com\/wp-content\/uploads\/2026\/03\/bereikbaarheid-auto-1024x803.webp\" class=\"attachment-large size-large wp-image-2197\" alt=\"\" srcset=\"https:\/\/www.mwlodge.com\/wp-content\/uploads\/2026\/03\/bereikbaarheid-auto-1024x803.webp 1024w, https:\/\/www.mwlodge.com\/wp-content\/uploads\/2026\/03\/bereikbaarheid-auto-300x235.webp 300w, https:\/\/www.mwlodge.com\/wp-content\/uploads\/2026\/03\/bereikbaarheid-auto-768x602.webp 768w, https:\/\/www.mwlodge.com\/wp-content\/uploads\/2026\/03\/bereikbaarheid-auto-1536x1205.webp 1536w, https:\/\/www.mwlodge.com\/wp-content\/uploads\/2026\/03\/bereikbaarheid-auto.webp 1974w\" sizes=\"(max-width: 800px) 100vw, 800px\" \/>\t\t\t\t\t\t\t\t\t\t\t\t\t\t\t<\/div>\n\t\t\t\t<\/div>\n\t\t\t\t<\/div>\n\t\t\t\t\t<\/div>\n\t\t\t\t<\/div>\n\t\t<div class=\"elementor-element elementor-element-12e590d e-flex e-con-boxed e-con e-parent\" data-id=\"12e590d\" data-element_type=\"container\" data-e-type=\"container\">\n\t\t\t\t\t<div class=\"e-con-inner\">\n\t\t<div class=\"elementor-element elementor-element-821a133 e-con-full e-grid e-con e-child\" data-id=\"821a133\" data-element_type=\"container\" data-e-type=\"container\" data-settings=\"{&quot;background_background&quot;:&quot;classic&quot;}\">\n\t\t\t\t<div class=\"elementor-element elementor-element-4fdd519 elementor-widget elementor-widget-image\" data-id=\"4fdd519\" data-element_type=\"widget\" data-e-type=\"widget\" data-widget_type=\"image.default\">\n\t\t\t\t<div class=\"elementor-widget-container\">\n\t\t\t\t\t\t\t\t\t\t\t\t\t\t\t<img decoding=\"async\" width=\"800\" height=\"627\" src=\"https:\/\/www.mwlodge.com\/wp-content\/uploads\/2026\/03\/bereikbaarheid-plane-1024x803.webp\" class=\"attachment-large size-large wp-image-2202\" alt=\"\" srcset=\"https:\/\/www.mwlodge.com\/wp-content\/uploads\/2026\/03\/bereikbaarheid-plane-1024x803.webp 1024w, https:\/\/www.mwlodge.com\/wp-content\/uploads\/2026\/03\/bereikbaarheid-plane-300x235.webp 300w, https:\/\/www.mwlodge.com\/wp-content\/uploads\/2026\/03\/bereikbaarheid-plane-768x602.webp 768w, https:\/\/www.mwlodge.com\/wp-content\/uploads\/2026\/03\/bereikbaarheid-plane-1536x1205.webp 1536w, https:\/\/www.mwlodge.com\/wp-content\/uploads\/2026\/03\/bereikbaarheid-plane.webp 1974w\" sizes=\"(max-width: 800px) 100vw, 800px\" \/>\t\t\t\t\t\t\t\t\t\t\t\t\t\t\t<\/div>\n\t\t\t\t<\/div>\n\t\t\t\t<\/div>\n\t\t<div class=\"elementor-element elementor-element-f5301bc e-con-full e-flex e-con e-child\" data-id=\"f5301bc\" data-element_type=\"container\" data-e-type=\"container\">\n\t\t\t\t<div class=\"elementor-element elementor-element-4d98465 elementor-widget elementor-widget-heading\" data-id=\"4d98465\" data-element_type=\"widget\" data-e-type=\"widget\" data-widget_type=\"heading.default\">\n\t\t\t\t<div class=\"elementor-widget-container\">\n\t\t\t\t\t<h2 class=\"elementor-heading-title elementor-size-default\">Mit dem Flugzeug<\/h2>\t\t\t\t<\/div>\n\t\t\t\t<\/div>\n\t\t\t\t<div class=\"elementor-element elementor-element-6a4d435 elementor-widget__width-initial elementor-widget elementor-widget-text-editor\" data-id=\"6a4d435\" data-element_type=\"widget\" data-e-type=\"widget\" data-widget_type=\"text-editor.default\">\n\t\t\t\t<div class=\"elementor-widget-container\">\n\t\t\t\t\t\t\t\t\t<p>Mit Transavia oder EasyJet.<br \/>Schnell nach Salzburg.<\/p><p>55 Minuten entfernt.<br \/>MandlWand Lodge.<br \/>Im Sommer und Winter fliegt Transavia.<br \/>Ab Schiphol, Rotterdam, Eindhoven und Groningen.<br \/>Genug Auswahl.<br \/>Taxi oder Mietwagen zur Lodge.<br \/>Frage uns nach Informationen.<\/p>\t\t\t\t\t\t\t\t<\/div>\n\t\t\t\t<\/div>\n\t\t\t\t<\/div>\n\t\t\t\t\t<\/div>\n\t\t\t\t<\/div>\n\t\t<div class=\"elementor-element elementor-element-cd06968 e-flex e-con-boxed e-con e-parent\" data-id=\"cd06968\" data-element_type=\"container\" data-e-type=\"container\">\n\t\t\t\t\t<div class=\"e-con-inner\">\n\t\t<div class=\"elementor-element elementor-element-7d8111e e-con-full e-flex e-con e-child\" data-id=\"7d8111e\" data-element_type=\"container\" data-e-type=\"container\">\n\t\t\t\t<div class=\"elementor-element elementor-element-a32ee78 elementor-widget elementor-widget-heading\" data-id=\"a32ee78\" data-element_type=\"widget\" data-e-type=\"widget\" data-widget_type=\"heading.default\">\n\t\t\t\t<div class=\"elementor-widget-container\">\n\t\t\t\t\t<h2 class=\"elementor-heading-title elementor-size-default\">Mit dem Zug<\/h2>\t\t\t\t<\/div>\n\t\t\t\t<\/div>\n\t\t\t\t<div class=\"elementor-element elementor-element-9c6184a elementor-widget__width-initial elementor-widget elementor-widget-text-editor\" data-id=\"9c6184a\" data-element_type=\"widget\" data-e-type=\"widget\" data-widget_type=\"text-editor.default\">\n\t\t\t\t<div class=\"elementor-widget-container\">\n\t\t\t\t\t\t\t\t\t<p>Ruhig reisen.<br \/>Die Landschaft sehen, wie sie sich ver\u00e4ndert.<\/p><p>In den Niederlanden einsteigen.<br \/>Mit dem Nacht- oder Tagzug.<br \/>Nach ca. 10\u201312 Stunden.<br \/>Die Berge sehen.<br \/>Bahnhof Bischofshofen liegt 15 km entfernt.<br \/>Eine kurze Taxifahrt \u2013 und du bist da.<br \/>Buchen \u00fcber NS International oder OEBB.at.<br \/>Die Berge warten auf dich.<\/p>\t\t\t\t\t\t\t\t<\/div>\n\t\t\t\t<\/div>\n\t\t\t\t<\/div>\n\t\t<div class=\"elementor-element elementor-element-ed5dbe0 e-con-full e-grid e-con e-child\" data-id=\"ed5dbe0\" data-element_type=\"container\" data-e-type=\"container\" data-settings=\"{&quot;background_background&quot;:&quot;classic&quot;}\">\n\t\t\t\t<div class=\"elementor-element elementor-element-c0ca2b6 elementor-widget elementor-widget-image\" data-id=\"c0ca2b6\" data-element_type=\"widget\" data-e-type=\"widget\" data-widget_type=\"image.default\">\n\t\t\t\t<div class=\"elementor-widget-container\">\n\t\t\t\t\t\t\t\t\t\t\t\t\t\t\t<img decoding=\"async\" width=\"800\" height=\"627\" src=\"https:\/\/www.mwlodge.com\/wp-content\/uploads\/2026\/03\/bereikbaarheid-train-1024x803.webp\" class=\"attachment-large size-large wp-image-2515\" alt=\"\" srcset=\"https:\/\/www.mwlodge.com\/wp-content\/uploads\/2026\/03\/bereikbaarheid-train-1024x803.webp 1024w, https:\/\/www.mwlodge.com\/wp-content\/uploads\/2026\/03\/bereikbaarheid-train-300x235.webp 300w, https:\/\/www.mwlodge.com\/wp-content\/uploads\/2026\/03\/bereikbaarheid-train-768x602.webp 768w, https:\/\/www.mwlodge.com\/wp-content\/uploads\/2026\/03\/bereikbaarheid-train-1536x1205.webp 1536w, https:\/\/www.mwlodge.com\/wp-content\/uploads\/2026\/03\/bereikbaarheid-train.webp 1974w\" sizes=\"(max-width: 800px) 100vw, 800px\" \/>\t\t\t\t\t\t\t\t\t\t\t\t\t\t\t<\/div>\n\t\t\t\t<\/div>\n\t\t\t\t<\/div>\n\t\t\t\t\t<\/div>\n\t\t\t\t<\/div>\n\t\t<div class=\"elementor-element elementor-element-fdaf321 e-flex e-con-boxed e-con e-parent\" data-id=\"fdaf321\" data-element_type=\"container\" data-e-type=\"container\" data-settings=\"{&quot;background_background&quot;:&quot;classic&quot;}\">\n\t\t\t\t\t<div class=\"e-con-inner\">\n\t\t\t\t<div class=\"elementor-element elementor-element-8b78d7b elementor-widget elementor-widget-heading\" data-id=\"8b78d7b\" data-element_type=\"widget\" data-e-type=\"widget\" data-widget_type=\"heading.default\">\n\t\t\t\t<div class=\"elementor-widget-container\">\n\t\t\t\t\t<h2 class=\"elementor-heading-title elementor-size-default\">It's all in the details<\/h2>\t\t\t\t<\/div>\n\t\t\t\t<\/div>\n\t\t\t\t\t<\/div>\n\t\t\t\t<\/div>\n\t\t\t\t<\/div>\n\t\t","protected":false},"excerpt":{"rendered":"<p>Hier sind wir Zwischen wei\u00dfen Gipfeln und gr\u00fcnen Sommerwiesen. Am Fu\u00dfe des Hochk\u00f6nigs (2.942 m).M\u00fchlbach \u2013 klein, ruhig, authentisch. Wanderwege direkt vor der Haust\u00fcr. Skilifte um die Ecke. Ein Ort zum Ankommen. Zum Bleiben. Zum Zur\u00fcckkehren. Mit dem Auto Fahrend aus dem Norden.M\u00fcnchen. Salzburg. A10 Richtung Villach.Ausfahrt 47. Auf die B311.Nach ca. 4 km auf [&hellip;]<\/p>\n","protected":false},"author":5,"featured_media":2398,"parent":0,"menu_order":0,"comment_status":"closed","ping_status":"closed","template":"","meta":{"footnotes":""},"class_list":["post-2514","page","type-page","status-publish","has-post-thumbnail","hentry"],"_links":{"self":[{"href":"https:\/\/www.mwlodge.com\/de\/wp-json\/wp\/v2\/pages\/2514","targetHints":{"allow":["GET"]}}],"collection":[{"href":"https:\/\/www.mwlodge.com\/de\/wp-json\/wp\/v2\/pages"}],"about":[{"href":"https:\/\/www.mwlodge.com\/de\/wp-json\/wp\/v2\/types\/page"}],"author":[{"embeddable":true,"href":"https:\/\/www.mwlodge.com\/de\/wp-json\/wp\/v2\/users\/5"}],"replies":[{"embeddable":true,"href":"https:\/\/www.mwlodge.com\/de\/wp-json\/wp\/v2\/comments?post=2514"}],"version-history":[{"count":9,"href":"https:\/\/www.mwlodge.com\/de\/wp-json\/wp\/v2\/pages\/2514\/revisions"}],"predecessor-version":[{"id":2906,"href":"https:\/\/www.mwlodge.com\/de\/wp-json\/wp\/v2\/pages\/2514\/revisions\/2906"}],"wp:featuredmedia":[{"embeddable":true,"href":"https:\/\/www.mwlodge.com\/de\/wp-json\/wp\/v2\/media\/2398"}],"wp:attachment":[{"href":"https:\/\/www.mwlodge.com\/de\/wp-json\/wp\/v2\/media?parent=2514"}],"curies":[{"name":"wp","href":"https:\/\/api.w.org\/{rel}","templated":true}]}}